{"id":158,"date":"2018-12-06T12:49:02","date_gmt":"2018-12-06T12:49:02","guid":{"rendered":"https:\/\/www.serin.es\/index.php\/about\/"},"modified":"2022-04-06T13:32:52","modified_gmt":"2022-04-06T13:32:52","slug":"about","status":"publish","type":"page","link":"https:\/\/www.serin.es\/index.php\/about\/","title":{"rendered":"About"},"content":{"rendered":"\t\t<div data-elementor-type=\"wp-post\" data-elementor-id=\"158\" class=\"elementor elementor-158\" data-elementor-settings=\"[]\">\n\t\t\t\t\t\t\t<div class=\"elementor-section-wrap\">\n\t\t\t\t\t\t\t<section class=\"elementor-section elementor-top-section elementor-element elementor-element-6b6bee9 elementor-section-full_width elementor-section-height-default elementor-section-height-default\" data-id=\"6b6bee9\" data-element_type=\"section\">\n\t\t\t\t\t\t<div class=\"elementor-container elementor-column-gap-custom\">\n\t\t\t\t\t<div class=\"elementor-column elementor-col-100 elementor-top-column elementor-element elementor-element-1ffb8f0\" data-id=\"1ffb8f0\" data-element_type=\"column\" data-settings=\"{&quot;background_background&quot;:&quot;gradient&quot;}\">\n\t\t\t<div class=\"elementor-widget-wrap elementor-element-populated\">\n\t\t\t\t\t\t\t\t\t<\/div>\n\t\t<\/div>\n\t\t\t\t\t\t\t<\/div>\n\t\t<\/section>\n\t\t\t\t<section class=\"elementor-section elementor-top-section elementor-element elementor-element-k5iffn5 elementor-section-boxed elementor-section-height-default elementor-section-height-default\" data-id=\"k5iffn5\" data-element_type=\"section\" data-settings=\"{&quot;shape_divider_top&quot;:&quot;mountains&quot;}\">\n\t\t\t\t\t<div class=\"elementor-shape elementor-shape-top\" data-negative=\"false\">\n\t\t\t<svg xmlns=\"http:\/\/www.w3.org\/2000\/svg\" viewBox=\"0 0 1000 100\" preserveAspectRatio=\"none\">\n\t<path class=\"elementor-shape-fill\" opacity=\"0.33\" d=\"M473,67.3c-203.9,88.3-263.1-34-320.3,0C66,119.1,0,59.7,0,59.7V0h1000v59.7 c0,0-62.1,26.1-94.9,29.3c-32.8,3.3-62.8-12.3-75.8-22.1C806,49.6,745.3,8.7,694.9,4.7S492.4,59,473,67.3z\"\/>\n\t<path class=\"elementor-shape-fill\" opacity=\"0.66\" d=\"M734,67.3c-45.5,0-77.2-23.2-129.1-39.1c-28.6-8.7-150.3-10.1-254,39.1 s-91.7-34.4-149.2,0C115.7,118.3,0,39.8,0,39.8V0h1000v36.5c0,0-28.2-18.5-92.1-18.5C810.2,18.1,775.7,67.3,734,67.3z\"\/>\n\t<path class=\"elementor-shape-fill\" d=\"M766.1,28.9c-200-57.5-266,65.5-395.1,19.5C242,1.8,242,5.4,184.8,20.6C128,35.8,132.3,44.9,89.9,52.5C28.6,63.7,0,0,0,0 h1000c0,0-9.9,40.9-83.6,48.1S829.6,47,766.1,28.9z\"\/>\n<\/svg>\t\t<\/div>\n\t\t\t\t\t<div class=\"elementor-container elementor-column-gap-default\">\n\t\t\t\t\t<div class=\"elementor-column elementor-col-100 elementor-top-column elementor-element elementor-element-730f282\" data-id=\"730f282\" data-element_type=\"column\">\n\t\t\t<div class=\"elementor-widget-wrap elementor-element-populated\">\n\t\t\t\t\t\t\t\t<div class=\"elementor-element elementor-element-f6960f1 elementor-widget elementor-widget-heading\" data-id=\"f6960f1\" data-element_type=\"widget\" data-widget_type=\"heading.default\">\n\t\t\t\t<div class=\"elementor-widget-container\">\n\t\t\t<h2 class=\"elementor-heading-title elementor-size-default\">Nuestros servicios<\/h2>\t\t<\/div>\n\t\t\t\t<\/div>\n\t\t\t\t<div class=\"elementor-element elementor-element-a67eb4e elementor-widget elementor-widget-text-editor\" data-id=\"a67eb4e\" data-element_type=\"widget\" data-widget_type=\"text-editor.default\">\n\t\t\t\t<div class=\"elementor-widget-container\">\n\t\t\t\t\t\t\t<p><span style=\"font-style: inherit; font-weight: inherit; background-color: var(--ast-global-color-4); color: var(--ast-global-color-3);\">Serin,&nbsp;presente desde 2006, ofrece soluciones en innovaci\u00f3n y desarrollo de software&nbsp;<\/span><span style=\"background-color: var(--ast-global-color-4); color: var(--ast-global-color-3); font-style: inherit; font-weight: inherit;\">para m\u00e1s de 30 compa\u00f1\u00edas l\u00edderes en el sector sanitario,&nbsp;especializados en el sector de oftalmolog\u00eda.<\/span><\/p>\n<p><span style=\"font-style: inherit; font-weight: inherit; background-color: var(--ast-global-color-4); color: var(--ast-global-color-3);\">&nbsp;<\/span><\/p>\t\t\t\t\t\t<\/div>\n\t\t\t\t<\/div>\n\t\t\t\t\t<\/div>\n\t\t<\/div>\n\t\t\t\t\t\t\t<\/div>\n\t\t<\/section>\n\t\t\t\t<section class=\"elementor-section elementor-top-section elementor-element elementor-element-30714881 elementor-section-content-middle elementor-reverse-mobile elementor-section-boxed elementor-section-height-default elementor-section-height-default\" data-id=\"30714881\" data-element_type=\"section\">\n\t\t\t\t\t\t<div class=\"elementor-container elementor-column-gap-no\">\n\t\t\t\t\t<div class=\"elementor-column elementor-col-50 elementor-top-column elementor-element elementor-element-1c796846\" data-id=\"1c796846\" data-element_type=\"column\">\n\t\t\t<div class=\"elementor-widget-wrap elementor-element-populated\">\n\t\t\t\t\t\t\t\t<div class=\"elementor-element elementor-element-2a4ed9f5 elementor-widget elementor-widget-heading\" data-id=\"2a4ed9f5\" data-element_type=\"widget\" data-widget_type=\"heading.default\">\n\t\t\t\t<div class=\"elementor-widget-container\">\n\t\t\t<h4 class=\"elementor-heading-title elementor-size-default\">Serin Ocular<\/h4>\t\t<\/div>\n\t\t\t\t<\/div>\n\t\t\t\t<div class=\"elementor-element elementor-element-313d7a64 elementor-widget elementor-widget-text-editor\" data-id=\"313d7a64\" data-element_type=\"widget\" data-widget_type=\"text-editor.default\">\n\t\t\t\t<div class=\"elementor-widget-container\">\n\t\t\t\t\t\t\t<div class=\"cm_column cm-container-large cm-container-xlarge cm-container-no-columns-2\">\n<p><span style=\"font-style: inherit; font-weight: inherit; background-color: var(--ast-global-color-4);\">Serin Ocular esta\u0301 desarrollado para la&nbsp;<\/span><strong style=\"font-style: inherit; background-color: var(--ast-global-color-4);\">digitalizacio\u0301n<\/strong><span style=\"font-style: inherit; font-weight: inherit; background-color: var(--ast-global-color-4);\">&nbsp;total del&nbsp;<\/span><strong style=\"font-style: inherit; background-color: var(--ast-global-color-4);\">historial cli\u0301nico<\/strong><span style=\"font-style: inherit; font-weight: inherit; background-color: var(--ast-global-color-4);\">. Proporciona al oftalmo\u0301logo herramientas avanzadas para sistematizar sus consultas y para la obtencio\u0301n de pruebas diagnosticas, medidas, etc., de una manera ra\u0301pida, fiable y fa\u0301cil.&nbsp;<\/span><br><\/p>\n<p>La informacio\u0301n en Serin esta\u0301&nbsp;<strong>estructurada<\/strong>&nbsp;y&nbsp;<strong>estandarizada<\/strong>. Permite una visio\u0301n ra\u0301pida de las exploraciones a realizar y la evolucio\u0301n de los pacientes.<\/p>\n<p>Serin Ocular es una aplicacio\u0301n de escritorio Cliente-Servidor; Esta\u0301 desarrollado en .Net y utiliza una base de datos sql-server 2019.<\/p>\n<\/div>\n<div class=\"cm_column_gap cm_column_gap_left\">Serin Ocular no es un paquete de software, es nuestro ana\u0301lisis y adaptacio\u0301n&nbsp;de&nbsp;<strong>soluciones<\/strong>&nbsp;al cliente. Damos apoyo y&nbsp;<strong>asistencia<\/strong>&nbsp;hasta la puesta&nbsp;en marcha, con el compromiso a realizar una implantacio\u0301n de forma natural y sin&nbsp;traumas.<\/div>\n<div class=\"cm_column cm-container-large cm-container-xlarge cm-container-no-columns-2\">\n<p>Participamos en la configuracio\u0301n inicial y realizamos una primera formacio\u0301n pra\u0301ctica.<\/p>\n<\/div>\t\t\t\t\t\t<\/div>\n\t\t\t\t<\/div>\n\t\t\t\t<div class=\"elementor-element elementor-element-3f5a83d elementor-align-left elementor-mobile-align-center elementor-widget elementor-widget-button\" data-id=\"3f5a83d\" data-element_type=\"widget\" data-widget_type=\"button.default\">\n\t\t\t\t<div class=\"elementor-widget-container\">\n\t\t\t\t\t<div class=\"elementor-button-wrapper\">\n\t\t\t<a href=\"https:\/\/www.serin.es\/index.php\/contact\/\" class=\"elementor-button-link elementor-button elementor-size-sm\" role=\"button\">\n\t\t\t\t\t\t<span class=\"elementor-button-content-wrapper\">\n\t\t\t\t\t\t<span class=\"elementor-button-text\">Contactar<\/span>\n\t\t<\/span>\n\t\t\t\t\t<\/a>\n\t\t<\/div>\n\t\t\t\t<\/div>\n\t\t\t\t<\/div>\n\t\t\t\t\t<\/div>\n\t\t<\/div>\n\t\t\t\t<div class=\"elementor-column elementor-col-50 elementor-top-column elementor-element elementor-element-7ab8b98d\" data-id=\"7ab8b98d\" data-element_type=\"column\">\n\t\t\t<div class=\"elementor-widget-wrap elementor-element-populated\">\n\t\t\t\t\t\t\t\t<div class=\"elementor-element elementor-element-3de31c7 elementor-widget elementor-widget-image\" data-id=\"3de31c7\" data-element_type=\"widget\" data-widget_type=\"image.default\">\n\t\t\t\t<div class=\"elementor-widget-container\">\n\t\t\t\t\t\t\t\t\t\t\t\t\t\t\t<img loading=\"lazy\" decoding=\"async\" width=\"1200\" height=\"800\" src=\"https:\/\/www.serin.es\/wp-content\/uploads\/2022\/02\/office1.jpg\" class=\"attachment-1536x1536 size-1536x1536\" alt=\"\" srcset=\"https:\/\/www.serin.es\/wp-content\/uploads\/2022\/02\/office1.jpg 1200w, https:\/\/www.serin.es\/wp-content\/uploads\/2022\/02\/office1-300x200.jpg 300w, https:\/\/www.serin.es\/wp-content\/uploads\/2022\/02\/office1-1024x683.jpg 1024w, https:\/\/www.serin.es\/wp-content\/uploads\/2022\/02\/office1-768x512.jpg 768w, https:\/\/www.serin.es\/wp-content\/uploads\/2022\/02\/office1-600x400.jpg 600w\" sizes=\"auto, (max-width: 1200px) 100vw, 1200px\" \/>\t\t\t\t\t\t\t\t\t\t\t\t\t\t\t<\/div>\n\t\t\t\t<\/div>\n\t\t\t\t\t<\/div>\n\t\t<\/div>\n\t\t\t\t\t\t\t<\/div>\n\t\t<\/section>\n\t\t\t\t<section class=\"elementor-section elementor-top-section elementor-element elementor-element-633b630 elementor-section-content-middle elementor-reverse-mobile elementor-section-boxed elementor-section-height-default elementor-section-height-default\" data-id=\"633b630\" data-element_type=\"section\">\n\t\t\t\t\t\t<div class=\"elementor-container elementor-column-gap-wider\">\n\t\t\t\t\t<div class=\"elementor-column elementor-col-50 elementor-top-column elementor-element elementor-element-dd3b0a5\" data-id=\"dd3b0a5\" data-element_type=\"column\">\n\t\t\t<div class=\"elementor-widget-wrap elementor-element-populated\">\n\t\t\t\t\t\t\t\t<div class=\"elementor-element elementor-element-2c2b42f elementor-widget elementor-widget-image\" data-id=\"2c2b42f\" data-element_type=\"widget\" data-widget_type=\"image.default\">\n\t\t\t\t<div class=\"elementor-widget-container\">\n\t\t\t\t\t\t\t\t\t\t\t\t\t\t\t<img decoding=\"async\" src=\"https:\/\/www.serin.es\/wp-content\/uploads\/2022\/02\/office2.jpg\" title=\"office2.jpg\" alt=\"office2.jpg\" \/>\t\t\t\t\t\t\t\t\t\t\t\t\t\t\t<\/div>\n\t\t\t\t<\/div>\n\t\t\t\t\t<\/div>\n\t\t<\/div>\n\t\t\t\t<div class=\"elementor-column elementor-col-50 elementor-top-column elementor-element elementor-element-96753b6\" data-id=\"96753b6\" data-element_type=\"column\">\n\t\t\t<div class=\"elementor-widget-wrap elementor-element-populated\">\n\t\t\t\t\t\t\t\t<div class=\"elementor-element elementor-element-eef6004 elementor-widget elementor-widget-heading\" data-id=\"eef6004\" data-element_type=\"widget\" data-widget_type=\"heading.default\">\n\t\t\t\t<div class=\"elementor-widget-container\">\n\t\t\t<h4 class=\"elementor-heading-title elementor-size-default\">Serinet<\/h4>\t\t<\/div>\n\t\t\t\t<\/div>\n\t\t\t\t<div class=\"elementor-element elementor-element-2aebe2a elementor-widget elementor-widget-text-editor\" data-id=\"2aebe2a\" data-element_type=\"widget\" data-widget_type=\"text-editor.default\">\n\t\t\t\t<div class=\"elementor-widget-container\">\n\t\t\t\t\t\t\t<div><div><p>Serinet es el software especializado para la gesti\u00f3n de\u00a0<strong>radio farmacia.<\/strong>\u00a0<\/p><p>Serinet est\u00e1 desarrollado para garantizar la\u00a0<strong>trazabilidad<\/strong>\u00a0de los radio-f\u00e1rmacos, desde la entrada a la unidad hasta la administraci\u00f3n al\u00a0<strong>paciente<\/strong>.\u00a0<\/p><p>Proporciona herramientas para sistematizar los procesos de la radio farmacia de una manera\u00a0<strong>r\u00e1pida, fiable y f\u00e1cil.<\/strong>\u00a0Contempla radio f\u00e1rmacos listos para su uso, generadores eluciones, tecneciados; y radio f\u00e1rmacos de precursor.\u00a0<\/p><\/div><p><span style=\"background-color: var(--ast-global-color-4);\">Dada la naturaleza de la unidad a la que se aplica, Serinet se puede integrar al\u00a0<\/span><strong style=\"background-color: var(--ast-global-color-4);\">His Hospitalario<\/strong><span style=\"background-color: var(--ast-global-color-4);\">\u00a0mediante tecnolog\u00eda Web service o HL7<\/span><span style=\"font-style: inherit; font-weight: inherit; background-color: var(--ast-global-color-4);\">.<\/span><\/p><\/div>\t\t\t\t\t\t<\/div>\n\t\t\t\t<\/div>\n\t\t\t\t<div class=\"elementor-element elementor-element-5f934d3 elementor-align-left elementor-mobile-align-center elementor-widget elementor-widget-button\" data-id=\"5f934d3\" data-element_type=\"widget\" data-widget_type=\"button.default\">\n\t\t\t\t<div class=\"elementor-widget-container\">\n\t\t\t\t\t<div class=\"elementor-button-wrapper\">\n\t\t\t<a href=\"https:\/\/www.serin.es\/index.php\/contact\/\" class=\"elementor-button-link elementor-button elementor-size-sm\" role=\"button\">\n\t\t\t\t\t\t<span class=\"elementor-button-content-wrapper\">\n\t\t\t\t\t\t<span class=\"elementor-button-text\">Contactar<\/span>\n\t\t<\/span>\n\t\t\t\t\t<\/a>\n\t\t<\/div>\n\t\t\t\t<\/div>\n\t\t\t\t<\/div>\n\t\t\t\t\t<\/div>\n\t\t<\/div>\n\t\t\t\t\t\t\t<\/div>\n\t\t<\/section>\n\t\t\t\t\t\t<\/div>\n\t\t\t\t\t<\/div>\n\t\t","protected":false},"excerpt":{"rendered":"<p>Nuestros servicios Serin,&nbsp;presente desde 2006, ofrece soluciones en innovaci\u00f3n y desarrollo de software&nbsp;para m\u00e1s de 30 compa\u00f1\u00edas l\u00edderes en el sector sanitario,&nbsp;especializados en el sector de oftalmolog\u00eda. &nbsp; Serin Ocular Serin Ocular esta\u0301 desarrollado para la&nbsp;digitalizacio\u0301n&nbsp;total del&nbsp;historial cli\u0301nico. Proporciona al oftalmo\u0301logo herramientas avanzadas para sistematizar sus consultas y para la obtencio\u0301n de pruebas diagnosticas, medidas, &hellip;<\/p>\n<p class=\"read-more\"> <a class=\"\" href=\"https:\/\/www.serin.es\/index.php\/about\/\"> <span class=\"screen-reader-text\">About<\/span> Read More &raquo;<\/a><\/p>\n","protected":false},"author":1,"featured_media":0,"parent":0,"menu_order":0,"comment_status":"closed","ping_status":"closed","template":"","meta":{"site-sidebar-layout":"no-sidebar","site-content-layout":"page-builder","ast-main-header-display":"","ast-hfb-above-header-display":"","ast-hfb-below-header-display":"","ast-hfb-mobile-header-display":"","site-post-title":"disabled","ast-breadcrumbs-content":"","ast-featured-img":"disabled","footer-sml-layout":"","theme-transparent-header-meta":"enabled","adv-header-id-meta":"","stick-header-meta":"","header-above-stick-meta":"","header-main-stick-meta":"","header-below-stick-meta":"","footnotes":""},"class_list":["post-158","page","type-page","status-publish","hentry"],"_links":{"self":[{"href":"https:\/\/www.serin.es\/index.php\/wp-json\/wp\/v2\/pages\/158","targetHints":{"allow":["GET"]}}],"collection":[{"href":"https:\/\/www.serin.es\/index.php\/wp-json\/wp\/v2\/pages"}],"about":[{"href":"https:\/\/www.serin.es\/index.php\/wp-json\/wp\/v2\/types\/page"}],"author":[{"embeddable":true,"href":"https:\/\/www.serin.es\/index.php\/wp-json\/wp\/v2\/users\/1"}],"replies":[{"embeddable":true,"href":"https:\/\/www.serin.es\/index.php\/wp-json\/wp\/v2\/comments?post=158"}],"version-history":[{"count":102,"href":"https:\/\/www.serin.es\/index.php\/wp-json\/wp\/v2\/pages\/158\/revisions"}],"predecessor-version":[{"id":25608,"href":"https:\/\/www.serin.es\/index.php\/wp-json\/wp\/v2\/pages\/158\/revisions\/25608"}],"wp:attachment":[{"href":"https:\/\/www.serin.es\/index.php\/wp-json\/wp\/v2\/media?parent=158"}],"curies":[{"name":"wp","href":"https:\/\/api.w.org\/{rel}","templated":true}]}}